{"id":2649,"date":"2024-04-29T12:21:20","date_gmt":"2024-04-29T10:21:20","guid":{"rendered":"https:\/\/www.gastronautamallorca.com\/?page_id=2649"},"modified":"2024-09-16T11:01:11","modified_gmt":"2024-09-16T09:01:11","slug":"declaracion-de-accesibilidad","status":"publish","type":"page","link":"https:\/\/www.gastronautamallorca.com\/en\/declaracion-de-accesibilidad\/","title":{"rendered":"Accessibility Statement"},"content":{"rendered":"<div data-elementor-type=\"wp-page\" data-elementor-id=\"2649\" class=\"elementor elementor-2649\" data-elementor-post-type=\"page\">\n\t\t\t\t<div class=\"elementor-element elementor-element-dbba52c e-flex e-con-boxed e-con e-parent\" data-id=\"dbba52c\" data-element_type=\"container\">\n\t\t\t\t\t<div class=\"e-con-inner\">\n\t\t\t\t<div class=\"elementor-element elementor-element-531b473 elementor-widget elementor-widget-heading\" data-id=\"531b473\" data-element_type=\"widget\" data-widget_type=\"heading.default\">\n\t\t\t\t<div class=\"elementor-widget-container\">\n\t\t\t<h2 class=\"elementor-heading-title elementor-size-default\">Accessibility Statement<\/h2>\t\t<\/div>\n\t\t\t\t<\/div>\n\t\t\t\t<div class=\"elementor-element elementor-element-5027238 elementor-widget elementor-widget-text-editor\" data-id=\"5027238\" data-element_type=\"widget\" data-widget_type=\"text-editor.default\">\n\t\t\t\t<div class=\"elementor-widget-container\">\n\t\t\t\t\t\t\t<p>Gastronauta Mallorca se ha comprometido a hacer accesible <a href=\"https:\/\/www.gastronautamallorca.com\/en\/\">https:\/\/www.gastronautamallorca.com<\/a> de conformidad con el <a href=\"https:\/\/www.boe.es\/buscar\/act.php?id=BOE-A-2018-12699\" target=\"_blank\" rel=\"noopener\">Real Decreto 1112\/2018, de 7 de septiembre, sobre accesibilidad de los sitios web y aplicaciones para dispositivos m\u00f3viles del sector p\u00fablico<\/a>.<\/p>\n<p>La presente declaraci\u00f3n de accesibilidad se aplica al sitio web&nbsp;<a href=\"https:\/\/www.gastronautamallorca.com\/en\/\">https:\/\/gastronautamallorca.com\/.<\/a><\/p>\n<p>Este sitio web es plenamente conforme con&nbsp;<strong>RD 1112\/2018<\/strong>.<\/p>\n<p><small>La presente declaraci\u00f3n fue preparada el 29 de abril de 2024.<\/small><\/p>\n<p><small>El m\u00e9todo empleado para preparar la declaraci\u00f3n ha sido una autoevaluaci\u00f3n llevada a cabo por el propio<br>organismo.<\/small><\/p>\t\t\t\t\t\t<\/div>\n\t\t\t\t<\/div>\n\t\t\t\t\t<\/div>\n\t\t\t\t<\/div>\n\t\t\t\t<\/div>","protected":false},"excerpt":{"rendered":"<p>Declaraci\u00f3n de Accesibilidad Gastronauta Mallorca se ha comprometido a hacer accesible https:\/\/www.gastronautamallorca.com de conformidad con el Real Decreto 1112\/2018, de 7 de septiembre, sobre accesibilidad de los sitios web y aplicaciones para dispositivos m\u00f3viles del sector p\u00fablico. La presente declaraci\u00f3n de accesibilidad se aplica al sitio web&nbsp;https:\/\/gastronautamallorca.com\/. Este sitio web es plenamente conforme con&nbsp;RD 1112\/2018. [&hellip;]<\/p>","protected":false},"author":1,"featured_media":0,"parent":0,"menu_order":0,"comment_status":"closed","ping_status":"closed","template":"","meta":{"footnotes":""},"class_list":["post-2649","page","type-page","status-publish","hentry"],"yoast_head":"<!-- This site is optimized with the Yoast SEO plugin v24.5 - https:\/\/yoast.com\/wordpress\/plugins\/seo\/ -->\n<title>Declaraci\u00f3n de Accesibilidad - Gastronauta<\/title>\n<meta name=\"robots\" content=\"index, follow, max-snippet:-1, max-image-preview:large, max-video-preview:-1\" \/>\n<link rel=\"canonical\" href=\"https:\/\/www.gastronautamallorca.com\/en\/declaracion-de-accesibilidad\/\" \/>\n<meta property=\"og:locale\" content=\"en_GB\" \/>\n<meta property=\"og:type\" content=\"article\" \/>\n<meta property=\"og:title\" content=\"Declaraci\u00f3n de Accesibilidad - Gastronauta\" \/>\n<meta property=\"og:description\" content=\"Declaraci\u00f3n de Accesibilidad Gastronauta Mallorca se ha comprometido a hacer accesible https:\/\/www.gastronautamallorca.com de conformidad con el Real Decreto 1112\/2018, de 7 de septiembre, sobre accesibilidad de los sitios web y aplicaciones para dispositivos m\u00f3viles del sector p\u00fablico. La presente declaraci\u00f3n de accesibilidad se aplica al sitio web&nbsp;https:\/\/gastronautamallorca.com\/. Este sitio web es plenamente conforme con&nbsp;RD 1112\/2018. [&hellip;]\" \/>\n<meta property=\"og:url\" content=\"https:\/\/www.gastronautamallorca.com\/en\/declaracion-de-accesibilidad\/\" \/>\n<meta property=\"og:site_name\" content=\"Gastronauta\" \/>\n<meta property=\"article:modified_time\" content=\"2024-09-16T09:01:11+00:00\" \/>\n<meta name=\"twitter:card\" content=\"summary_large_image\" \/>\n<script type=\"application\/ld+json\" class=\"yoast-schema-graph\">{\"@context\":\"https:\/\/schema.org\",\"@graph\":[{\"@type\":\"WebPage\",\"@id\":\"https:\/\/www.gastronautamallorca.com\/declaracion-de-accesibilidad\/\",\"url\":\"https:\/\/www.gastronautamallorca.com\/declaracion-de-accesibilidad\/\",\"name\":\"Declaraci\u00f3n de Accesibilidad - Gastronauta\",\"isPartOf\":{\"@id\":\"https:\/\/www.gastronautamallorca.com\/#website\"},\"datePublished\":\"2024-04-29T10:21:20+00:00\",\"dateModified\":\"2024-09-16T09:01:11+00:00\",\"breadcrumb\":{\"@id\":\"https:\/\/www.gastronautamallorca.com\/declaracion-de-accesibilidad\/#breadcrumb\"},\"inLanguage\":\"en-GB\",\"potentialAction\":[{\"@type\":\"ReadAction\",\"target\":[\"https:\/\/www.gastronautamallorca.com\/declaracion-de-accesibilidad\/\"]}]},{\"@type\":\"BreadcrumbList\",\"@id\":\"https:\/\/www.gastronautamallorca.com\/declaracion-de-accesibilidad\/#breadcrumb\",\"itemListElement\":[{\"@type\":\"ListItem\",\"position\":1,\"name\":\"Portada\",\"item\":\"https:\/\/www.gastronautamallorca.com\/\"},{\"@type\":\"ListItem\",\"position\":2,\"name\":\"Declaraci\u00f3n de Accesibilidad\"}]},{\"@type\":\"WebSite\",\"@id\":\"https:\/\/www.gastronautamallorca.com\/#website\",\"url\":\"https:\/\/www.gastronautamallorca.com\/\",\"name\":\"Gastronauta\",\"description\":\"De otro planeta\",\"publisher\":{\"@id\":\"https:\/\/www.gastronautamallorca.com\/#organization\"},\"potentialAction\":[{\"@type\":\"SearchAction\",\"target\":{\"@type\":\"EntryPoint\",\"urlTemplate\":\"https:\/\/www.gastronautamallorca.com\/?s={search_term_string}\"},\"query-input\":{\"@type\":\"PropertyValueSpecification\",\"valueRequired\":true,\"valueName\":\"search_term_string\"}}],\"inLanguage\":\"en-GB\"},{\"@type\":\"Organization\",\"@id\":\"https:\/\/www.gastronautamallorca.com\/#organization\",\"name\":\"Gastronauta\",\"url\":\"https:\/\/www.gastronautamallorca.com\/\",\"logo\":{\"@type\":\"ImageObject\",\"inLanguage\":\"en-GB\",\"@id\":\"https:\/\/www.gastronautamallorca.com\/#\/schema\/logo\/image\/\",\"url\":\"https:\/\/www.gastronautamallorca.com\/wp-content\/uploads\/2024\/02\/logo-texto-oscuro-recortado.png\",\"contentUrl\":\"https:\/\/www.gastronautamallorca.com\/wp-content\/uploads\/2024\/02\/logo-texto-oscuro-recortado.png\",\"width\":1043,\"height\":305,\"caption\":\"Gastronauta\"},\"image\":{\"@id\":\"https:\/\/www.gastronautamallorca.com\/#\/schema\/logo\/image\/\"}}]}<\/script>\n<!-- \/ Yoast SEO plugin. -->","yoast_head_json":{"title":"Declaraci\u00f3n de Accesibilidad - Gastronauta","robots":{"index":"index","follow":"follow","max-snippet":"max-snippet:-1","max-image-preview":"max-image-preview:large","max-video-preview":"max-video-preview:-1"},"canonical":"https:\/\/www.gastronautamallorca.com\/en\/declaracion-de-accesibilidad\/","og_locale":"en_GB","og_type":"article","og_title":"Declaraci\u00f3n de Accesibilidad - Gastronauta","og_description":"Declaraci\u00f3n de Accesibilidad Gastronauta Mallorca se ha comprometido a hacer accesible https:\/\/www.gastronautamallorca.com de conformidad con el Real Decreto 1112\/2018, de 7 de septiembre, sobre accesibilidad de los sitios web y aplicaciones para dispositivos m\u00f3viles del sector p\u00fablico. La presente declaraci\u00f3n de accesibilidad se aplica al sitio web&nbsp;https:\/\/gastronautamallorca.com\/. Este sitio web es plenamente conforme con&nbsp;RD 1112\/2018. [&hellip;]","og_url":"https:\/\/www.gastronautamallorca.com\/en\/declaracion-de-accesibilidad\/","og_site_name":"Gastronauta","article_modified_time":"2024-09-16T09:01:11+00:00","twitter_card":"summary_large_image","schema":{"@context":"https:\/\/schema.org","@graph":[{"@type":"WebPage","@id":"https:\/\/www.gastronautamallorca.com\/declaracion-de-accesibilidad\/","url":"https:\/\/www.gastronautamallorca.com\/declaracion-de-accesibilidad\/","name":"Declaraci\u00f3n de Accesibilidad - Gastronauta","isPartOf":{"@id":"https:\/\/www.gastronautamallorca.com\/#website"},"datePublished":"2024-04-29T10:21:20+00:00","dateModified":"2024-09-16T09:01:11+00:00","breadcrumb":{"@id":"https:\/\/www.gastronautamallorca.com\/declaracion-de-accesibilidad\/#breadcrumb"},"inLanguage":"en-GB","potentialAction":[{"@type":"ReadAction","target":["https:\/\/www.gastronautamallorca.com\/declaracion-de-accesibilidad\/"]}]},{"@type":"BreadcrumbList","@id":"https:\/\/www.gastronautamallorca.com\/declaracion-de-accesibilidad\/#breadcrumb","itemListElement":[{"@type":"ListItem","position":1,"name":"Portada","item":"https:\/\/www.gastronautamallorca.com\/"},{"@type":"ListItem","position":2,"name":"Declaraci\u00f3n de Accesibilidad"}]},{"@type":"WebSite","@id":"https:\/\/www.gastronautamallorca.com\/#website","url":"https:\/\/www.gastronautamallorca.com\/","name":"Gastronauta","description":"De otro planeta","publisher":{"@id":"https:\/\/www.gastronautamallorca.com\/#organization"},"potentialAction":[{"@type":"SearchAction","target":{"@type":"EntryPoint","urlTemplate":"https:\/\/www.gastronautamallorca.com\/?s={search_term_string}"},"query-input":{"@type":"PropertyValueSpecification","valueRequired":true,"valueName":"search_term_string"}}],"inLanguage":"en-GB"},{"@type":"Organization","@id":"https:\/\/www.gastronautamallorca.com\/#organization","name":"Gastronauta","url":"https:\/\/www.gastronautamallorca.com\/","logo":{"@type":"ImageObject","inLanguage":"en-GB","@id":"https:\/\/www.gastronautamallorca.com\/#\/schema\/logo\/image\/","url":"https:\/\/www.gastronautamallorca.com\/wp-content\/uploads\/2024\/02\/logo-texto-oscuro-recortado.png","contentUrl":"https:\/\/www.gastronautamallorca.com\/wp-content\/uploads\/2024\/02\/logo-texto-oscuro-recortado.png","width":1043,"height":305,"caption":"Gastronauta"},"image":{"@id":"https:\/\/www.gastronautamallorca.com\/#\/schema\/logo\/image\/"}}]}},"_links":{"self":[{"href":"https:\/\/www.gastronautamallorca.com\/en\/wp-json\/wp\/v2\/pages\/2649","targetHints":{"allow":["GET"]}}],"collection":[{"href":"https:\/\/www.gastronautamallorca.com\/en\/wp-json\/wp\/v2\/pages"}],"about":[{"href":"https:\/\/www.gastronautamallorca.com\/en\/wp-json\/wp\/v2\/types\/page"}],"author":[{"embeddable":true,"href":"https:\/\/www.gastronautamallorca.com\/en\/wp-json\/wp\/v2\/users\/1"}],"replies":[{"embeddable":true,"href":"https:\/\/www.gastronautamallorca.com\/en\/wp-json\/wp\/v2\/comments?post=2649"}],"version-history":[{"count":7,"href":"https:\/\/www.gastronautamallorca.com\/en\/wp-json\/wp\/v2\/pages\/2649\/revisions"}],"predecessor-version":[{"id":2667,"href":"https:\/\/www.gastronautamallorca.com\/en\/wp-json\/wp\/v2\/pages\/2649\/revisions\/2667"}],"wp:attachment":[{"href":"https:\/\/www.gastronautamallorca.com\/en\/wp-json\/wp\/v2\/media?parent=2649"}],"curies":[{"name":"wp","href":"https:\/\/api.w.org\/{rel}","templated":true}]}}