{"id":814,"date":"2024-03-28T11:36:25","date_gmt":"2024-03-28T10:36:25","guid":{"rendered":"https:\/\/www.gastronautamallorca.com\/?page_id=814"},"modified":"2024-03-28T11:51:16","modified_gmt":"2024-03-28T10:51:16","slug":"politica-de-cookies","status":"publish","type":"page","link":"https:\/\/www.gastronautamallorca.com\/en\/politica-de-cookies\/","title":{"rendered":"Cookies policy"},"content":{"rendered":"<div data-elementor-type=\"wp-page\" data-elementor-id=\"814\" class=\"elementor elementor-814\" data-elementor-post-type=\"page\">\n\t\t\t\t<div class=\"elementor-element elementor-element-dbba52c e-flex e-con-boxed e-con e-parent\" data-id=\"dbba52c\" data-element_type=\"container\">\n\t\t\t\t\t<div class=\"e-con-inner\">\n\t\t\t\t<div class=\"elementor-element elementor-element-531b473 elementor-widget elementor-widget-heading\" data-id=\"531b473\" data-element_type=\"widget\" data-widget_type=\"heading.default\">\n\t\t\t\t<div class=\"elementor-widget-container\">\n\t\t\t<h2 class=\"elementor-heading-title elementor-size-default\">Cookie Policy<\/h2>\t\t<\/div>\n\t\t\t\t<\/div>\n\t\t\t\t<div class=\"elementor-element elementor-element-5027238 elementor-widget elementor-widget-text-editor\" data-id=\"5027238\" data-element_type=\"widget\" data-widget_type=\"text-editor.default\">\n\t\t\t\t<div class=\"elementor-widget-container\">\n\t\t\t\t\t\t\t<header class=\"text-center\"><p>Accessing this website may involve the use of cookies. Cookies are small amounts of information stored in the browser used by each user \u2014on the various devices they may use for browsing\u2014 so that the server can remember certain information that only the server that implemented it will subsequently read. Cookies facilitate navigation, make it more user-friendly, and do not harm the browsing device.<\/p><\/header><div><p>Cookies are automatic procedures for collecting information regarding the preferences determined by the user during their visit to the website in order to recognize them as a user, personalize their experience and the use of the website, and can also, for example, help identify and resolve errors.<\/p><p>The information collected through cookies may include the date and time of visits to the website, the pages viewed, the time spent on the website, and the sites visited just before and after it. However, no cookie allows it to contact the user's phone number or any other personal contact method. No cookie can extract information from the user's hard drive or steal personal information. The only way for the user's private information to be part of the cookie file is for the user to personally provide that information to the server.<\/p><p>Cookies that allow the identification of a person are considered personal data. Therefore, they will be subject to the Privacy Policy described above. In this regard, the use of these cookies will require the user's consent. This consent will be communicated based on a genuine choice, offered through an affirmative and positive decision, before the initial treatment, removable, and documented.<\/p><div class=\"\"><h5>First-party cookies<\/h5><p>They are cookies that are sent to the user's computer or device and managed exclusively by\u00a0<span class=\"blanc-space ng-binding\">Gastronauta<\/span>\u00a0para el mejor funcionamiento del Sitio Web. La informaci\u00f3n que se recaba se emplea para mejorar la calidad del Sitio Web y su Contenido y su experiencia como Usuario. Estas cookies permiten reconocer al Usuario como visitante recurrente del Sitio Web y adaptar el contenido para ofrecerle contenidos que se ajusten a sus preferencias.<\/p><\/div><div class=\"thirdCookies\"><h5>Third-party cookies<\/h5><p>They are cookies used and managed by external entities that provide\u00a0<span class=\"blanc-space ng-binding\">Gastronauta<\/span>\u00a0servicios solicitados por este mismo para mejorar el Sitio Web y la experiencia del usuario al navegar en el Sitio Web. Los principales objetivos para los que se utilizan cookies de terceros son la obtenci\u00f3n de estad\u00edsticas de accesos y analizar la informaci\u00f3n de la navegaci\u00f3n, es decir, c\u00f3mo interact\u00faa el Usuario con el Sitio Web.<\/p><p>The information obtained refers, for example, to the number of pages visited, the language, the location from which the user's IP address accesses, the number of users accessing, the frequency and recurrence of visits, the duration of the visit, the browser used, the operator or type of device from which the visit is made. This information is used to improve the website and detect new needs to offer users content and\/or services of optimal quality. In any case, the information is collected anonymously, and reports on website trends are prepared without identifying individual users.<\/p><p>You can find more information about cookies, privacy information, or consult the description of the type of cookies used, their main characteristics, expiration period, etc., at the following link(s):<\/p><p class=\"text-wrap ng-binding\">Google Analytics<\/p><p>The entity or entities responsible for providing cookies may disclose this information to third parties, provided that it is required by law or a third party processes this information for said entities.<\/p><\/div><div class=\"\"><h5>Social media cookies<\/h5><p><span class=\"blanc-space ng-binding\">Gastronauta<\/span>\u00a0incorporates social media plugins, allowing access to them from the website. For this reason, social media cookies may be stored in the user's browser. The owners of these social networks have their own data protection and cookie policies, and they are responsible for their own files and privacy practices in each case. Users should refer to them to learn about these cookies and, if applicable, the processing of their personal data. Below are the links where you can consult these privacy and\/or cookie policies for informational purposes only:<\/p><ul><li>Facebook:\u00a0<a class=\"text-info\" href=\"https:\/\/www.facebook.com\/policies\/cookies\/\">https:\/\/www.facebook.com\/policies\/cookies\/<\/a><\/li><li>Twitter:\u00a0<a class=\"text-info\" href=\"https:\/\/twitter.com\/es\/privacy\">https:\/\/twitter.com\/es\/privacy<\/a><\/li><li>Instagram:\u00a0<a class=\"text-info\" href=\"https:\/\/help.instagram.com\/1896641480634370?ref=ig\">https:\/\/help.instagram.com\/1896641480634370?ref=ig<\/a><\/li><li>YouTube:\u00a0<a class=\"text-info\" href=\"https:\/\/policies.google.com\/privacy?hl=es-419&amp;gl=mx\">https:\/\/policies.google.com\/privacy?hl=es-419&amp;gl=mx<\/a><\/li><li>Pinterest:\u00a0<a class=\"text-info\" href=\"https:\/\/policy.pinterest.com\/es\/privacy-policy\">https:\/\/policy.pinterest.com\/es\/privacy-policy<\/a><\/li><li>LinkedIn:\u00a0<a class=\"text-info\" href=\"https:\/\/www.linkedin.com\/legal\/cookie-policy?trk=hp-cookies\">https:\/\/www.linkedin.com\/legal\/cookie-policy?trk=hp-cookies<\/a><\/li><\/ul><\/div><h5>Disable, reject, or delete cookies<\/h5><p>Users can disable, reject, and delete cookies \u2014either entirely or partially\u2014 installed on their device by adjusting their browser settings (such as Chrome, Firefox, Safari, Explorer, among others). Procedures for rejecting and deleting cookies may vary from one internet browser to another. Therefore, users should refer to the instructions provided by the internet browser they are using. If users choose to reject the use of cookies \u2014either entirely or partially\u2014 they can still use the website, although they may experience limited access to some of its features.<\/p><\/div>\t\t\t\t\t\t<\/div>\n\t\t\t\t<\/div>\n\t\t\t\t\t<\/div>\n\t\t\t\t<\/div>\n\t\t\t\t<\/div>","protected":false},"excerpt":{"rendered":"<p>Pol\u00edtica de Cookies El acceso a este Sitio Web puede implicar la utilizaci\u00f3n de cookies. Las cookies son peque\u00f1as cantidades de informaci\u00f3n que se almacenan en el navegador utilizado por cada Usuario \u2014en los distintos dispositivos que pueda utilizar para navegar\u2014 para que el servidor recuerde cierta informaci\u00f3n que posteriormente y \u00fanicamente el servidor que [&hellip;]<\/p>","protected":false},"author":1,"featured_media":0,"parent":0,"menu_order":0,"comment_status":"closed","ping_status":"closed","template":"","meta":{"footnotes":""},"class_list":["post-814","page","type-page","status-publish","hentry"],"yoast_head":"<!-- This site is optimized with the Yoast SEO plugin v24.5 - https:\/\/yoast.com\/wordpress\/plugins\/seo\/ -->\n<title>Pol\u00edtica de cookies - Gastronauta<\/title>\n<meta name=\"robots\" content=\"index, follow, max-snippet:-1, max-image-preview:large, max-video-preview:-1\" \/>\n<link rel=\"canonical\" href=\"https:\/\/www.gastronautamallorca.com\/en\/politica-de-cookies\/\" \/>\n<meta property=\"og:locale\" content=\"en_GB\" \/>\n<meta property=\"og:type\" content=\"article\" \/>\n<meta property=\"og:title\" content=\"Pol\u00edtica de cookies - Gastronauta\" \/>\n<meta property=\"og:description\" content=\"Pol\u00edtica de Cookies El acceso a este Sitio Web puede implicar la utilizaci\u00f3n de cookies. Las cookies son peque\u00f1as cantidades de informaci\u00f3n que se almacenan en el navegador utilizado por cada Usuario \u2014en los distintos dispositivos que pueda utilizar para navegar\u2014 para que el servidor recuerde cierta informaci\u00f3n que posteriormente y \u00fanicamente el servidor que [&hellip;]\" \/>\n<meta property=\"og:url\" content=\"https:\/\/www.gastronautamallorca.com\/en\/politica-de-cookies\/\" \/>\n<meta property=\"og:site_name\" content=\"Gastronauta\" \/>\n<meta property=\"article:modified_time\" content=\"2024-03-28T10:51:16+00:00\" \/>\n<meta name=\"twitter:card\" content=\"summary_large_image\" \/>\n<meta name=\"twitter:label1\" content=\"Estimated reading time\" \/>\n\t<meta name=\"twitter:data1\" content=\"5 minutes\" \/>\n<script type=\"application\/ld+json\" class=\"yoast-schema-graph\">{\"@context\":\"https:\/\/schema.org\",\"@graph\":[{\"@type\":\"WebPage\",\"@id\":\"https:\/\/www.gastronautamallorca.com\/politica-de-cookies\/\",\"url\":\"https:\/\/www.gastronautamallorca.com\/politica-de-cookies\/\",\"name\":\"Pol\u00edtica de cookies - Gastronauta\",\"isPartOf\":{\"@id\":\"https:\/\/www.gastronautamallorca.com\/#website\"},\"datePublished\":\"2024-03-28T10:36:25+00:00\",\"dateModified\":\"2024-03-28T10:51:16+00:00\",\"breadcrumb\":{\"@id\":\"https:\/\/www.gastronautamallorca.com\/politica-de-cookies\/#breadcrumb\"},\"inLanguage\":\"en-GB\",\"potentialAction\":[{\"@type\":\"ReadAction\",\"target\":[\"https:\/\/www.gastronautamallorca.com\/politica-de-cookies\/\"]}]},{\"@type\":\"BreadcrumbList\",\"@id\":\"https:\/\/www.gastronautamallorca.com\/politica-de-cookies\/#breadcrumb\",\"itemListElement\":[{\"@type\":\"ListItem\",\"position\":1,\"name\":\"Portada\",\"item\":\"https:\/\/www.gastronautamallorca.com\/\"},{\"@type\":\"ListItem\",\"position\":2,\"name\":\"Pol\u00edtica de cookies\"}]},{\"@type\":\"WebSite\",\"@id\":\"https:\/\/www.gastronautamallorca.com\/#website\",\"url\":\"https:\/\/www.gastronautamallorca.com\/\",\"name\":\"Gastronauta\",\"description\":\"De otro planeta\",\"publisher\":{\"@id\":\"https:\/\/www.gastronautamallorca.com\/#organization\"},\"potentialAction\":[{\"@type\":\"SearchAction\",\"target\":{\"@type\":\"EntryPoint\",\"urlTemplate\":\"https:\/\/www.gastronautamallorca.com\/?s={search_term_string}\"},\"query-input\":{\"@type\":\"PropertyValueSpecification\",\"valueRequired\":true,\"valueName\":\"search_term_string\"}}],\"inLanguage\":\"en-GB\"},{\"@type\":\"Organization\",\"@id\":\"https:\/\/www.gastronautamallorca.com\/#organization\",\"name\":\"Gastronauta\",\"url\":\"https:\/\/www.gastronautamallorca.com\/\",\"logo\":{\"@type\":\"ImageObject\",\"inLanguage\":\"en-GB\",\"@id\":\"https:\/\/www.gastronautamallorca.com\/#\/schema\/logo\/image\/\",\"url\":\"https:\/\/www.gastronautamallorca.com\/wp-content\/uploads\/2024\/02\/logo-texto-oscuro-recortado.png\",\"contentUrl\":\"https:\/\/www.gastronautamallorca.com\/wp-content\/uploads\/2024\/02\/logo-texto-oscuro-recortado.png\",\"width\":1043,\"height\":305,\"caption\":\"Gastronauta\"},\"image\":{\"@id\":\"https:\/\/www.gastronautamallorca.com\/#\/schema\/logo\/image\/\"}}]}<\/script>\n<!-- \/ Yoast SEO plugin. -->","yoast_head_json":{"title":"Pol\u00edtica de cookies - Gastronauta","robots":{"index":"index","follow":"follow","max-snippet":"max-snippet:-1","max-image-preview":"max-image-preview:large","max-video-preview":"max-video-preview:-1"},"canonical":"https:\/\/www.gastronautamallorca.com\/en\/politica-de-cookies\/","og_locale":"en_GB","og_type":"article","og_title":"Pol\u00edtica de cookies - Gastronauta","og_description":"Pol\u00edtica de Cookies El acceso a este Sitio Web puede implicar la utilizaci\u00f3n de cookies. Las cookies son peque\u00f1as cantidades de informaci\u00f3n que se almacenan en el navegador utilizado por cada Usuario \u2014en los distintos dispositivos que pueda utilizar para navegar\u2014 para que el servidor recuerde cierta informaci\u00f3n que posteriormente y \u00fanicamente el servidor que [&hellip;]","og_url":"https:\/\/www.gastronautamallorca.com\/en\/politica-de-cookies\/","og_site_name":"Gastronauta","article_modified_time":"2024-03-28T10:51:16+00:00","twitter_card":"summary_large_image","twitter_misc":{"Estimated reading time":"5 minutes"},"schema":{"@context":"https:\/\/schema.org","@graph":[{"@type":"WebPage","@id":"https:\/\/www.gastronautamallorca.com\/politica-de-cookies\/","url":"https:\/\/www.gastronautamallorca.com\/politica-de-cookies\/","name":"Pol\u00edtica de cookies - Gastronauta","isPartOf":{"@id":"https:\/\/www.gastronautamallorca.com\/#website"},"datePublished":"2024-03-28T10:36:25+00:00","dateModified":"2024-03-28T10:51:16+00:00","breadcrumb":{"@id":"https:\/\/www.gastronautamallorca.com\/politica-de-cookies\/#breadcrumb"},"inLanguage":"en-GB","potentialAction":[{"@type":"ReadAction","target":["https:\/\/www.gastronautamallorca.com\/politica-de-cookies\/"]}]},{"@type":"BreadcrumbList","@id":"https:\/\/www.gastronautamallorca.com\/politica-de-cookies\/#breadcrumb","itemListElement":[{"@type":"ListItem","position":1,"name":"Portada","item":"https:\/\/www.gastronautamallorca.com\/"},{"@type":"ListItem","position":2,"name":"Pol\u00edtica de cookies"}]},{"@type":"WebSite","@id":"https:\/\/www.gastronautamallorca.com\/#website","url":"https:\/\/www.gastronautamallorca.com\/","name":"Gastronauta","description":"De otro planeta","publisher":{"@id":"https:\/\/www.gastronautamallorca.com\/#organization"},"potentialAction":[{"@type":"SearchAction","target":{"@type":"EntryPoint","urlTemplate":"https:\/\/www.gastronautamallorca.com\/?s={search_term_string}"},"query-input":{"@type":"PropertyValueSpecification","valueRequired":true,"valueName":"search_term_string"}}],"inLanguage":"en-GB"},{"@type":"Organization","@id":"https:\/\/www.gastronautamallorca.com\/#organization","name":"Gastronauta","url":"https:\/\/www.gastronautamallorca.com\/","logo":{"@type":"ImageObject","inLanguage":"en-GB","@id":"https:\/\/www.gastronautamallorca.com\/#\/schema\/logo\/image\/","url":"https:\/\/www.gastronautamallorca.com\/wp-content\/uploads\/2024\/02\/logo-texto-oscuro-recortado.png","contentUrl":"https:\/\/www.gastronautamallorca.com\/wp-content\/uploads\/2024\/02\/logo-texto-oscuro-recortado.png","width":1043,"height":305,"caption":"Gastronauta"},"image":{"@id":"https:\/\/www.gastronautamallorca.com\/#\/schema\/logo\/image\/"}}]}},"_links":{"self":[{"href":"https:\/\/www.gastronautamallorca.com\/en\/wp-json\/wp\/v2\/pages\/814","targetHints":{"allow":["GET"]}}],"collection":[{"href":"https:\/\/www.gastronautamallorca.com\/en\/wp-json\/wp\/v2\/pages"}],"about":[{"href":"https:\/\/www.gastronautamallorca.com\/en\/wp-json\/wp\/v2\/types\/page"}],"author":[{"embeddable":true,"href":"https:\/\/www.gastronautamallorca.com\/en\/wp-json\/wp\/v2\/users\/1"}],"replies":[{"embeddable":true,"href":"https:\/\/www.gastronautamallorca.com\/en\/wp-json\/wp\/v2\/comments?post=814"}],"version-history":[{"count":9,"href":"https:\/\/www.gastronautamallorca.com\/en\/wp-json\/wp\/v2\/pages\/814\/revisions"}],"predecessor-version":[{"id":839,"href":"https:\/\/www.gastronautamallorca.com\/en\/wp-json\/wp\/v2\/pages\/814\/revisions\/839"}],"wp:attachment":[{"href":"https:\/\/www.gastronautamallorca.com\/en\/wp-json\/wp\/v2\/media?parent=814"}],"curies":[{"name":"wp","href":"https:\/\/api.w.org\/{rel}","templated":true}]}}