{"id":99,"date":"2024-02-28T15:48:18","date_gmt":"2024-02-28T14:48:18","guid":{"rendered":"https:\/\/www.gastronautamallorca.com\/?page_id=99"},"modified":"2025-12-18T17:13:51","modified_gmt":"2025-12-18T16:13:51","slug":"contacto","status":"publish","type":"page","link":"https:\/\/www.gastronautamallorca.com\/en\/contacto\/","title":{"rendered":"Contact"},"content":{"rendered":"<div data-elementor-type=\"wp-page\" data-elementor-id=\"99\" class=\"elementor elementor-99\" data-elementor-post-type=\"page\">\n\t\t\t\t<div class=\"elementor-element elementor-element-82d50c1 e-flex e-con-boxed elementor-invisible e-con e-parent\" data-id=\"82d50c1\" data-element_type=\"container\" data-settings=\"{&quot;background_background&quot;:&quot;classic&quot;,&quot;animation&quot;:&quot;fadeIn&quot;}\">\n\t\t\t\t\t<div class=\"e-con-inner\">\n\t\t\t\t<div class=\"elementor-element elementor-element-a7115c6 elementor-invisible elementor-widget elementor-widget-heading\" data-id=\"a7115c6\" data-element_type=\"widget\" data-settings=\"{&quot;_animation&quot;:&quot;slideInRight&quot;}\" data-widget_type=\"heading.default\">\n\t\t\t\t<div class=\"elementor-widget-container\">\n\t\t\t<h2 class=\"elementor-heading-title elementor-size-default\">Let's Work Together<\/h2>\t\t<\/div>\n\t\t\t\t<\/div>\n\t\t\t\t\t<\/div>\n\t\t\t\t<\/div>\n\t\t<div class=\"elementor-element elementor-element-8e3a3c5 e-flex e-con-boxed e-con e-parent\" data-id=\"8e3a3c5\" data-element_type=\"container\">\n\t\t\t\t\t<div class=\"e-con-inner\">\n\t\t\t\t<div class=\"elementor-element elementor-element-cd94712 elementor-widget-divider--view-line elementor-widget elementor-widget-divider\" data-id=\"cd94712\" data-element_type=\"widget\" data-widget_type=\"divider.default\">\n\t\t\t\t<div class=\"elementor-widget-container\">\n\t\t\t\t\t<div class=\"elementor-divider\">\n\t\t\t<span class=\"elementor-divider-separator\">\n\t\t\t\t\t\t<\/span>\n\t\t<\/div>\n\t\t\t\t<\/div>\n\t\t\t\t<\/div>\n\t\t\t\t\t<\/div>\n\t\t\t\t<\/div>\n\t\t<div class=\"elementor-element elementor-element-83ab8ba e-flex e-con-boxed elementor-invisible e-con e-parent\" data-id=\"83ab8ba\" data-element_type=\"container\" data-settings=\"{&quot;animation&quot;:&quot;slideInUp&quot;}\">\n\t\t\t\t\t<div class=\"e-con-inner\">\n\t\t<div class=\"elementor-element elementor-element-63be4b5 e-con-full e-flex e-con e-child\" data-id=\"63be4b5\" data-element_type=\"container\" data-settings=\"{&quot;background_background&quot;:&quot;classic&quot;}\">\n\t\t\t\t<div class=\"elementor-element elementor-element-06063f6 elementor-widget elementor-widget-heading\" data-id=\"06063f6\" data-element_type=\"widget\" data-widget_type=\"heading.default\">\n\t\t\t\t<div class=\"elementor-widget-container\">\n\t\t\t<h2 class=\"elementor-heading-title elementor-size-default\">Let&#039;s talk<\/h2>\t\t<\/div>\n\t\t\t\t<\/div>\n\t\t\t\t<div class=\"elementor-element elementor-element-e496e76 elementor-widget elementor-widget-text-editor\" data-id=\"e496e76\" data-element_type=\"widget\" data-widget_type=\"text-editor.default\">\n\t\t\t\t<div class=\"elementor-widget-container\">\n\t\t\t\t\t\t\t<p>Are you planning an event and want me to prepare something delicious for you? It would be a pleasure to meet you and work together.<\/p><p>Please leave me the details in the contact form and I will respond as soon as possible.\u00a0<\/p><p>I look forward to helping you make your event special! \ud83e\udd0d<\/p>\t\t\t\t\t\t<\/div>\n\t\t\t\t<\/div>\n\t\t\t\t<\/div>\n\t\t<div class=\"elementor-element elementor-element-4a356d5 e-con-full e-flex e-con e-child\" data-id=\"4a356d5\" data-element_type=\"container\" data-settings=\"{&quot;background_background&quot;:&quot;classic&quot;}\">\n\t\t\t\t<div class=\"elementor-element elementor-element-d88383d elementor-button-align-stretch elementor-widget elementor-widget-form\" data-id=\"d88383d\" data-element_type=\"widget\" data-settings=\"{&quot;step_next_label&quot;:&quot;Next&quot;,&quot;step_previous_label&quot;:&quot;Previous&quot;,&quot;button_width&quot;:&quot;100&quot;,&quot;step_type&quot;:&quot;number_text&quot;,&quot;step_icon_shape&quot;:&quot;circle&quot;}\" data-widget_type=\"form.default\">\n\t\t\t\t<div class=\"elementor-widget-container\">\n\t\t\t\t\t<form class=\"elementor-form\" method=\"post\" name=\"New Form\">\n\t\t\t<input type=\"hidden\" name=\"post_id\" value=\"99\"\/>\n\t\t\t<input type=\"hidden\" name=\"form_id\" value=\"d88383d\"\/>\n\t\t\t<input type=\"hidden\" name=\"referer_title\" value=\"Gastronauta\" \/>\n\n\t\t\t\n\t\t\t<div class=\"elementor-form-fields-wrapper elementor-labels-above\">\n\t\t\t\t\t\t\t\t<div class=\"elementor-field-type-text elementor-field-group elementor-column elementor-field-group-name elementor-col-100\">\n\t\t\t\t\t\t\t\t\t\t\t\t<label for=\"form-field-name\" class=\"elementor-field-label\">\n\t\t\t\t\t\t\t\tName\t\t\t\t\t\t\t<\/label>\n\t\t\t\t\t\t\t\t\t\t\t\t\t\t<input size=\"1\" type=\"text\" name=\"form_fields[name]\" id=\"form-field-name\" class=\"elementor-field elementor-size-sm  elementor-field-textual\">\n\t\t\t\t\t\t\t\t\t\t\t<\/div>\n\t\t\t\t\t\t\t\t<div class=\"elementor-field-type-email elementor-field-group elementor-column elementor-field-group-email elementor-col-100 elementor-field-required\">\n\t\t\t\t\t\t\t\t\t\t\t\t<label for=\"form-field-email\" class=\"elementor-field-label\">\n\t\t\t\t\t\t\t\tE-mail\t\t\t\t\t\t\t<\/label>\n\t\t\t\t\t\t\t\t\t\t\t\t\t\t<input size=\"1\" type=\"email\" name=\"form_fields[email]\" id=\"form-field-email\" class=\"elementor-field elementor-size-sm  elementor-field-textual\" required=\"required\" aria-required=\"true\">\n\t\t\t\t\t\t\t\t\t\t\t<\/div>\n\t\t\t\t\t\t\t\t<div class=\"elementor-field-type-textarea elementor-field-group elementor-column elementor-field-group-message elementor-col-100\">\n\t\t\t\t\t\t\t\t\t\t\t\t<label for=\"form-field-message\" class=\"elementor-field-label\">\n\t\t\t\t\t\t\t\tMessage\t\t\t\t\t\t\t<\/label>\n\t\t\t\t\t\t<textarea class=\"elementor-field-textual elementor-field  elementor-size-sm\" name=\"form_fields[message]\" id=\"form-field-message\" rows=\"4\"><\/textarea>\t\t\t\t<\/div>\n\t\t\t\t\t\t\t\t<div class=\"elementor-field-group elementor-column elementor-field-type-submit elementor-col-100 e-form__buttons\">\n\t\t\t\t\t<button type=\"submit\" class=\"elementor-button elementor-size-sm\">\n\t\t\t\t\t\t<span >\n\t\t\t\t\t\t\t\t\t\t\t\t\t\t\t<span class=\"elementor-button-icon\">\n\t\t\t\t\t\t\t\t\t\t\t\t\t\t\t\t\t\t\t\t\t\t\t\t\t\t<\/span>\n\t\t\t\t\t\t\t\t\t\t\t\t\t\t\t\t\t\t\t\t\t\t<span class=\"elementor-button-text\">Send<\/span>\n\t\t\t\t\t\t\t\t\t\t\t\t\t<\/span>\n\t\t\t\t\t<\/button>\n\t\t\t\t<\/div>\n\t\t\t<\/div>\n\t\t<input type=\"hidden\" name=\"trp-form-language\" value=\"en\"\/><\/form>\n\t\t\t\t<\/div>\n\t\t\t\t<\/div>\n\t\t\t\t<\/div>\n\t\t\t\t\t<\/div>\n\t\t\t\t<\/div>\n\t\t<div class=\"elementor-element elementor-element-390567e e-flex e-con-boxed e-con e-parent\" data-id=\"390567e\" data-element_type=\"container\">\n\t\t\t\t\t<div class=\"e-con-inner\">\n\t\t\t\t<div class=\"elementor-element elementor-element-e2e7f5b elementor-widget-divider--view-line elementor-widget elementor-widget-divider\" data-id=\"e2e7f5b\" data-element_type=\"widget\" data-widget_type=\"divider.default\">\n\t\t\t\t<div class=\"elementor-widget-container\">\n\t\t\t\t\t<div class=\"elementor-divider\">\n\t\t\t<span class=\"elementor-divider-separator\">\n\t\t\t\t\t\t<\/span>\n\t\t<\/div>\n\t\t\t\t<\/div>\n\t\t\t\t<\/div>\n\t\t\t\t\t<\/div>\n\t\t\t\t<\/div>\n\t\t\t\t<\/div>","protected":false},"excerpt":{"rendered":"<p>Colaboremos Juntos\u200b Hablemos \u00bfPlaneas un evento y deseas que prepare algo delicioso para vosotros? Ser\u00eda un placer conocerte y trabajar juntos. Por favor, d\u00e9jame los detalles en el formulario de contacto y te responder\u00e9 lo antes posible.\u00a0 \u00a1Espero poder ayudarte a hacer de tu evento algo especial! \ud83e\udd0d<\/p>","protected":false},"author":1,"featured_media":0,"parent":0,"menu_order":0,"comment_status":"closed","ping_status":"closed","template":"","meta":{"footnotes":""},"class_list":["post-99","page","type-page","status-publish","hentry"],"yoast_head":"<!-- This site is optimized with the Yoast SEO plugin v24.5 - https:\/\/yoast.com\/wordpress\/plugins\/seo\/ -->\n<title>Contacto - Gastronauta<\/title>\n<meta name=\"robots\" content=\"index, follow, max-snippet:-1, max-image-preview:large, max-video-preview:-1\" \/>\n<link rel=\"canonical\" href=\"https:\/\/www.gastronautamallorca.com\/en\/contacto\/\" \/>\n<meta property=\"og:locale\" content=\"en_GB\" \/>\n<meta property=\"og:type\" content=\"article\" \/>\n<meta property=\"og:title\" content=\"Contacto - Gastronauta\" \/>\n<meta property=\"og:description\" content=\"Colaboremos Juntos\u200b Hablemos \u00bfPlaneas un evento y deseas que prepare algo delicioso para vosotros? Ser\u00eda un placer conocerte y trabajar juntos. Por favor, d\u00e9jame los detalles en el formulario de contacto y te responder\u00e9 lo antes posible.\u00a0 \u00a1Espero poder ayudarte a hacer de tu evento algo especial! \ud83e\udd0d\" \/>\n<meta property=\"og:url\" content=\"https:\/\/www.gastronautamallorca.com\/en\/contacto\/\" \/>\n<meta property=\"og:site_name\" content=\"Gastronauta\" \/>\n<meta property=\"article:modified_time\" content=\"2025-12-18T16:13:51+00:00\" \/>\n<meta name=\"twitter:card\" content=\"summary_large_image\" \/>\n<meta name=\"twitter:label1\" content=\"Estimated reading time\" \/>\n\t<meta name=\"twitter:data1\" content=\"1 minute\" \/>\n<script type=\"application\/ld+json\" class=\"yoast-schema-graph\">{\"@context\":\"https:\/\/schema.org\",\"@graph\":[{\"@type\":\"WebPage\",\"@id\":\"https:\/\/www.gastronautamallorca.com\/contacto\/\",\"url\":\"https:\/\/www.gastronautamallorca.com\/contacto\/\",\"name\":\"Contacto - Gastronauta\",\"isPartOf\":{\"@id\":\"https:\/\/www.gastronautamallorca.com\/#website\"},\"datePublished\":\"2024-02-28T14:48:18+00:00\",\"dateModified\":\"2025-12-18T16:13:51+00:00\",\"breadcrumb\":{\"@id\":\"https:\/\/www.gastronautamallorca.com\/contacto\/#breadcrumb\"},\"inLanguage\":\"en-GB\",\"potentialAction\":[{\"@type\":\"ReadAction\",\"target\":[\"https:\/\/www.gastronautamallorca.com\/contacto\/\"]}]},{\"@type\":\"BreadcrumbList\",\"@id\":\"https:\/\/www.gastronautamallorca.com\/contacto\/#breadcrumb\",\"itemListElement\":[{\"@type\":\"ListItem\",\"position\":1,\"name\":\"Portada\",\"item\":\"https:\/\/www.gastronautamallorca.com\/\"},{\"@type\":\"ListItem\",\"position\":2,\"name\":\"Contacto\"}]},{\"@type\":\"WebSite\",\"@id\":\"https:\/\/www.gastronautamallorca.com\/#website\",\"url\":\"https:\/\/www.gastronautamallorca.com\/\",\"name\":\"Gastronauta\",\"description\":\"De otro planeta\",\"publisher\":{\"@id\":\"https:\/\/www.gastronautamallorca.com\/#organization\"},\"potentialAction\":[{\"@type\":\"SearchAction\",\"target\":{\"@type\":\"EntryPoint\",\"urlTemplate\":\"https:\/\/www.gastronautamallorca.com\/?s={search_term_string}\"},\"query-input\":{\"@type\":\"PropertyValueSpecification\",\"valueRequired\":true,\"valueName\":\"search_term_string\"}}],\"inLanguage\":\"en-GB\"},{\"@type\":\"Organization\",\"@id\":\"https:\/\/www.gastronautamallorca.com\/#organization\",\"name\":\"Gastronauta\",\"url\":\"https:\/\/www.gastronautamallorca.com\/\",\"logo\":{\"@type\":\"ImageObject\",\"inLanguage\":\"en-GB\",\"@id\":\"https:\/\/www.gastronautamallorca.com\/#\/schema\/logo\/image\/\",\"url\":\"https:\/\/www.gastronautamallorca.com\/wp-content\/uploads\/2024\/02\/logo-texto-oscuro-recortado.png\",\"contentUrl\":\"https:\/\/www.gastronautamallorca.com\/wp-content\/uploads\/2024\/02\/logo-texto-oscuro-recortado.png\",\"width\":1043,\"height\":305,\"caption\":\"Gastronauta\"},\"image\":{\"@id\":\"https:\/\/www.gastronautamallorca.com\/#\/schema\/logo\/image\/\"}}]}<\/script>\n<!-- \/ Yoast SEO plugin. -->","yoast_head_json":{"title":"Contacto - Gastronauta","robots":{"index":"index","follow":"follow","max-snippet":"max-snippet:-1","max-image-preview":"max-image-preview:large","max-video-preview":"max-video-preview:-1"},"canonical":"https:\/\/www.gastronautamallorca.com\/en\/contacto\/","og_locale":"en_GB","og_type":"article","og_title":"Contacto - Gastronauta","og_description":"Colaboremos Juntos\u200b Hablemos \u00bfPlaneas un evento y deseas que prepare algo delicioso para vosotros? Ser\u00eda un placer conocerte y trabajar juntos. Por favor, d\u00e9jame los detalles en el formulario de contacto y te responder\u00e9 lo antes posible.\u00a0 \u00a1Espero poder ayudarte a hacer de tu evento algo especial! \ud83e\udd0d","og_url":"https:\/\/www.gastronautamallorca.com\/en\/contacto\/","og_site_name":"Gastronauta","article_modified_time":"2025-12-18T16:13:51+00:00","twitter_card":"summary_large_image","twitter_misc":{"Estimated reading time":"1 minute"},"schema":{"@context":"https:\/\/schema.org","@graph":[{"@type":"WebPage","@id":"https:\/\/www.gastronautamallorca.com\/contacto\/","url":"https:\/\/www.gastronautamallorca.com\/contacto\/","name":"Contacto - Gastronauta","isPartOf":{"@id":"https:\/\/www.gastronautamallorca.com\/#website"},"datePublished":"2024-02-28T14:48:18+00:00","dateModified":"2025-12-18T16:13:51+00:00","breadcrumb":{"@id":"https:\/\/www.gastronautamallorca.com\/contacto\/#breadcrumb"},"inLanguage":"en-GB","potentialAction":[{"@type":"ReadAction","target":["https:\/\/www.gastronautamallorca.com\/contacto\/"]}]},{"@type":"BreadcrumbList","@id":"https:\/\/www.gastronautamallorca.com\/contacto\/#breadcrumb","itemListElement":[{"@type":"ListItem","position":1,"name":"Portada","item":"https:\/\/www.gastronautamallorca.com\/"},{"@type":"ListItem","position":2,"name":"Contacto"}]},{"@type":"WebSite","@id":"https:\/\/www.gastronautamallorca.com\/#website","url":"https:\/\/www.gastronautamallorca.com\/","name":"Gastronauta","description":"De otro planeta","publisher":{"@id":"https:\/\/www.gastronautamallorca.com\/#organization"},"potentialAction":[{"@type":"SearchAction","target":{"@type":"EntryPoint","urlTemplate":"https:\/\/www.gastronautamallorca.com\/?s={search_term_string}"},"query-input":{"@type":"PropertyValueSpecification","valueRequired":true,"valueName":"search_term_string"}}],"inLanguage":"en-GB"},{"@type":"Organization","@id":"https:\/\/www.gastronautamallorca.com\/#organization","name":"Gastronauta","url":"https:\/\/www.gastronautamallorca.com\/","logo":{"@type":"ImageObject","inLanguage":"en-GB","@id":"https:\/\/www.gastronautamallorca.com\/#\/schema\/logo\/image\/","url":"https:\/\/www.gastronautamallorca.com\/wp-content\/uploads\/2024\/02\/logo-texto-oscuro-recortado.png","contentUrl":"https:\/\/www.gastronautamallorca.com\/wp-content\/uploads\/2024\/02\/logo-texto-oscuro-recortado.png","width":1043,"height":305,"caption":"Gastronauta"},"image":{"@id":"https:\/\/www.gastronautamallorca.com\/#\/schema\/logo\/image\/"}}]}},"_links":{"self":[{"href":"https:\/\/www.gastronautamallorca.com\/en\/wp-json\/wp\/v2\/pages\/99","targetHints":{"allow":["GET"]}}],"collection":[{"href":"https:\/\/www.gastronautamallorca.com\/en\/wp-json\/wp\/v2\/pages"}],"about":[{"href":"https:\/\/www.gastronautamallorca.com\/en\/wp-json\/wp\/v2\/types\/page"}],"author":[{"embeddable":true,"href":"https:\/\/www.gastronautamallorca.com\/en\/wp-json\/wp\/v2\/users\/1"}],"replies":[{"embeddable":true,"href":"https:\/\/www.gastronautamallorca.com\/en\/wp-json\/wp\/v2\/comments?post=99"}],"version-history":[{"count":142,"href":"https:\/\/www.gastronautamallorca.com\/en\/wp-json\/wp\/v2\/pages\/99\/revisions"}],"predecessor-version":[{"id":2714,"href":"https:\/\/www.gastronautamallorca.com\/en\/wp-json\/wp\/v2\/pages\/99\/revisions\/2714"}],"wp:attachment":[{"href":"https:\/\/www.gastronautamallorca.com\/en\/wp-json\/wp\/v2\/media?parent=99"}],"curies":[{"name":"wp","href":"https:\/\/api.w.org\/{rel}","templated":true}]}}